{"id":3,"date":"2025-09-01T11:49:45","date_gmt":"2025-09-01T11:49:45","guid":{"rendered":"https:\/\/espaiscerdans.com\/?page_id=3"},"modified":"2025-10-23T15:24:23","modified_gmt":"2025-10-23T15:24:23","slug":"avis-legal","status":"publish","type":"page","link":"https:\/\/espaiscerdans.com\/index.php\/avis-legal\/","title":{"rendered":"AV\u00cdS LEGAL"},"content":{"rendered":"\n<h1 class=\"wp-block-heading\"><strong>AV\u00cdS LEGAL<\/strong><\/h1>\n\n\n\n<p><\/p>\n\n\n\n<p><strong>Titular del lloc web: <\/strong>Espais Cerdans S.L.<br><strong>NIF<\/strong>: B55355838<br><strong>Adre\u00e7a:<\/strong> Josep Pla, 10 &#8211; 2 C. Puigcerd\u00e0 (17520), Girona,<\/p>\n\n\n\n<p><strong>Tel\u00e8fon:<\/strong> +34 620992981 <\/p>\n\n\n\n<p><strong>Correu electr\u00f2nic:<\/strong> info@espaiscerdans.com]<\/p>\n\n\n\n<p><strong>Activitat:<\/strong> Construcci\u00f3, reformes i promocions immobili\u00e0ries.<\/p>\n\n\n\n<p><strong>Domini web:<\/strong> <a href=\"https:\/\/espaiscerdans.com\">https:\/\/espaiscerdans.com<\/a><\/p>\n\n\n\n<p><\/p>\n\n\n\n<p><\/p>\n\n\n\n<p><\/p>\n\n\n\n<p><\/p>\n\n\n\n<h2 class=\"wp-block-heading\"><strong>1. Objecte<\/strong> i \u00e0mbit d&#8217;aplicaci\u00f3<\/h2>\n\n\n\n<p>Aquest lloc web ha estat creat per oferir informaci\u00f3 corporativa sobre <strong>Espais Cerdans S.L.<\/strong> i els seus serveis en l\u2019\u00e0mbit de la construcci\u00f3, reforma i obra nova.<\/p>\n\n\n\n<p>L\u2019acc\u00e9s al lloc implica l\u2019acceptaci\u00f3 plena de les condicions d\u2019\u00fas contingudes en aquest Av\u00eds Legal.<\/p>\n\n\n\n<h2 class=\"wp-block-heading\"><br><strong>2. Propietat intel\u00b7lectual i industrial<\/strong><\/h2>\n\n\n\n<p>Tots els continguts, logotips, imatges, textos, v\u00eddeos, dissenys, marques i codi font d\u2019aquest web s\u00f3n propietat d\u2019Espais Cerdans S.L. o de tercers que n\u2019han autoritzat l\u2019\u00fas.<\/p>\n\n\n\n<p>Queda prohibida la seva reproducci\u00f3, distribuci\u00f3, comunicaci\u00f3 p\u00fablica o transformaci\u00f3 sense autoritzaci\u00f3 pr\u00e8via i per escrit.<\/p>\n\n\n\n<p><br><\/p>\n\n\n\n<h2 class=\"wp-block-heading\"><strong>3. Condicions d&#8217;\u00fas.<\/strong><\/h2>\n\n\n\n<p>L\u2019usuari es compromet a utilitzar aquest lloc web d\u2019acord amb la llei, la bona fe i l\u2019ordre p\u00fablic.<\/p>\n\n\n\n<p>Espais Cerdans S.L. no es fa responsable dels danys derivats d\u2019un mal \u00fas del web ni dels continguts accessibles a trav\u00e9s d\u2019enlla\u00e7os externs.<\/p>\n\n\n\n<p><\/p>\n\n\n\n<p><\/p>\n\n\n\n<h2 class=\"wp-block-heading\"><strong>4. Enlla\u00e7os externs<\/strong><\/h2>\n\n\n\n<p>Aquest lloc pot incloure enlla\u00e7os a webs de tercers. Espais Cerdans S.L. no assumeix cap responsabilitat sobre el contingut o l\u2019\u00fas d\u2019aquests enlla\u00e7os externs.<\/p>\n\n\n\n<p><\/p>\n\n\n\n<p><\/p>\n\n\n\n<h2 class=\"wp-block-heading\"><strong>5. Responsabilitat<\/strong><\/h2>\n\n\n\n<p>Tot i que Espais Cerdans S.L. realitza els esfor\u00e7os necessaris per mantenir el web actualitzat, no garanteix la inexist\u00e8ncia d\u2019errors o interrupcions en el servei.<\/p>\n\n\n\n<p><br><\/p>\n\n\n\n<h2 class=\"wp-block-heading has--font-size\"><strong>6. Legislaci\u00f3 i jurisdicci\u00f3 aplicable<\/strong><\/h2>\n\n\n\n<p>Aquest web es regeix per la legislaci\u00f3 espanyola i catalana. Qualsevol controv\u00e8rsia es resoldr\u00e0 davant els Jutjats i Tribunals de <strong>Girona<\/strong>.<\/p>\n\n\n\n<div style=\"height:154px\" aria-hidden=\"true\" class=\"wp-block-spacer\"><\/div>\n\n\n\n<p><\/p>\n\n\n\n<p><\/p>\n","protected":false},"excerpt":{"rendered":"<p>AV\u00cdS LEGAL Titular del lloc&#8230;<\/p>\n","protected":false},"author":1,"featured_media":0,"parent":0,"menu_order":0,"comment_status":"closed","ping_status":"open","template":"","meta":{"footnotes":""},"class_list":["post-3","page","type-page","status-publish","hentry"],"_links":{"self":[{"href":"https:\/\/espaiscerdans.com\/index.php\/wp-json\/wp\/v2\/pages\/3","targetHints":{"allow":["GET"]}}],"collection":[{"href":"https:\/\/espaiscerdans.com\/index.php\/wp-json\/wp\/v2\/pages"}],"about":[{"href":"https:\/\/espaiscerdans.com\/index.php\/wp-json\/wp\/v2\/types\/page"}],"author":[{"embeddable":true,"href":"https:\/\/espaiscerdans.com\/index.php\/wp-json\/wp\/v2\/users\/1"}],"replies":[{"embeddable":true,"href":"https:\/\/espaiscerdans.com\/index.php\/wp-json\/wp\/v2\/comments?post=3"}],"version-history":[{"count":12,"href":"https:\/\/espaiscerdans.com\/index.php\/wp-json\/wp\/v2\/pages\/3\/revisions"}],"predecessor-version":[{"id":11905,"href":"https:\/\/espaiscerdans.com\/index.php\/wp-json\/wp\/v2\/pages\/3\/revisions\/11905"}],"wp:attachment":[{"href":"https:\/\/espaiscerdans.com\/index.php\/wp-json\/wp\/v2\/media?parent=3"}],"curies":[{"name":"wp","href":"https:\/\/api.w.org\/{rel}","templated":true}]}}