{"id":11910,"date":"2025-10-23T15:42:26","date_gmt":"2025-10-23T15:42:26","guid":{"rendered":"https:\/\/espaiscerdans.com\/?page_id=11910"},"modified":"2026-03-25T08:34:23","modified_gmt":"2026-03-25T08:34:23","slug":"condicions-generals-de-servei","status":"publish","type":"page","link":"https:\/\/espaiscerdans.com\/index.php\/condicions-generals-de-servei\/","title":{"rendered":"CONDICIONS GENERALS DE SERVEI"},"content":{"rendered":"\n<h1 class=\"wp-block-heading\"><strong>CONDICIONS GENERALS DE SERVEI<\/strong><\/h1>\n\n\n\n<p><\/p>\n\n\n\n<p><strong>Titular del lloc web: <\/strong>Espais Cerdans S.L.<br><strong>NIF<\/strong>: B55355838<br><strong>Adre\u00e7a:<\/strong> Josep Pla, 10 &#8211; 2 C. Puigcerd\u00e0 (17520), Girona,<\/p>\n\n\n\n<p><strong>Tel\u00e8fon:<\/strong> +34 620992981 <\/p>\n\n\n\n<p><strong>Correu electr\u00f2nic:<\/strong> info@espaiscerdans.com]<\/p>\n\n\n\n<p><strong>Activitat:<\/strong> Construcci\u00f3, reformes i promocions immobili\u00e0ries.<\/p>\n\n\n\n<p><strong>Domini web:<\/strong> <a href=\"https:\/\/espaiscerdans.com\">https:\/\/espaiscerdans.com<\/a><\/p>\n\n\n\n<p><\/p>\n\n\n\n<p><\/p>\n\n\n\n<p><\/p>\n\n\n\n<p><\/p>\n\n\n\n<h2 class=\"wp-block-heading\">Objecte<\/h2>\n\n\n\n<p>Regulen la relaci\u00f3 entre Espais Cerdans i els clients que sol\u00b7liciten pressupostos o serveis de construcci\u00f3 i reforma.<\/p>\n\n\n\n<h2 class=\"wp-block-heading\"><br><strong>Procediment<\/strong><\/h2>\n\n\n\n<p>Els pressupostos s\u00f3n orientatius i poden requerir visita t\u00e8cnica per a valoraci\u00f3 definitiva.<\/p>\n\n\n\n<p><br><\/p>\n\n\n\n<h2 class=\"wp-block-heading\"><strong>Garanties i responsabilitat<\/strong><\/h2>\n\n\n\n<p>Totes les obres executades per Espais Cerdans S.L. compleixen la normativa t\u00e8cnica vigent i disposen de garanties legals segons el Codi T\u00e8cnic de l\u2019Edificaci\u00f3.<\/p>\n\n\n\n<p><\/p>\n\n\n\n<p><\/p>\n\n\n\n<h2 class=\"wp-block-heading\"><strong><br><strong>Legislaci\u00f3 aplicable<\/strong><br><\/strong><\/h2>\n\n\n\n<p>Catalunya i Espanya. Jurisdicci\u00f3: Jutjats de Girona.<\/p>\n\n\n\n<div style=\"height:154px\" aria-hidden=\"true\" class=\"wp-block-spacer\"><\/div>\n\n\n\n<p><\/p>\n\n\n\n<p><\/p>\n","protected":false},"excerpt":{"rendered":"<p>CONDICIONS GENERALS DE SERVEI Titular&#8230;<\/p>\n","protected":false},"author":1,"featured_media":0,"parent":0,"menu_order":0,"comment_status":"closed","ping_status":"open","template":"","meta":{"footnotes":""},"class_list":["post-11910","page","type-page","status-publish","hentry"],"_links":{"self":[{"href":"https:\/\/espaiscerdans.com\/index.php\/wp-json\/wp\/v2\/pages\/11910","targetHints":{"allow":["GET"]}}],"collection":[{"href":"https:\/\/espaiscerdans.com\/index.php\/wp-json\/wp\/v2\/pages"}],"about":[{"href":"https:\/\/espaiscerdans.com\/index.php\/wp-json\/wp\/v2\/types\/page"}],"author":[{"embeddable":true,"href":"https:\/\/espaiscerdans.com\/index.php\/wp-json\/wp\/v2\/users\/1"}],"replies":[{"embeddable":true,"href":"https:\/\/espaiscerdans.com\/index.php\/wp-json\/wp\/v2\/comments?post=11910"}],"version-history":[{"count":2,"href":"https:\/\/espaiscerdans.com\/index.php\/wp-json\/wp\/v2\/pages\/11910\/revisions"}],"predecessor-version":[{"id":12313,"href":"https:\/\/espaiscerdans.com\/index.php\/wp-json\/wp\/v2\/pages\/11910\/revisions\/12313"}],"wp:attachment":[{"href":"https:\/\/espaiscerdans.com\/index.php\/wp-json\/wp\/v2\/media?parent=11910"}],"curies":[{"name":"wp","href":"https:\/\/api.w.org\/{rel}","templated":true}]}}